{"id":45,"date":"2019-05-27T07:57:12","date_gmt":"2019-05-27T07:57:12","guid":{"rendered":"https:\/\/stvennetbuergen.ch\/?page_id=45"},"modified":"2026-03-03T14:17:54","modified_gmt":"2026-03-03T13:17:54","slug":"vorstand","status":"publish","type":"page","link":"https:\/\/stvennetbuergen.ch\/?page_id=45","title":{"rendered":"Vorstand"},"content":{"rendered":"\n<div class=\"wp-block-media-text alignwide has-media-on-the-right\" style=\"grid-template-columns:auto 33%\"><div class=\"wp-block-media-text__content\">\n<p class=\"has-medium-font-size\"><strong>Pr\u00e4sident<\/strong><br>Claudio H\u00fcbscher<br><br><a href=\"mailto:praesident@stvennetbuergen.ch\" data-type=\"mailto\" data-id=\"mailto:praesident@stvennetbuergen.ch\" target=\"_blank\" rel=\"noreferrer noopener\">praesident@stvennetbuergen.ch<\/a><\/p>\n<\/div><figure class=\"wp-block-media-text__media\"><img data-recalc-dims=\"1\" height=\"654\" width=\"654\" decoding=\"async\" src=\"https:\/\/i0.wp.com\/stvennetbuergen.ch\/wp-content\/uploads\/2026\/03\/IMG_7762-1.heic?fit=654%2C654&#038;ssl=1\" alt=\"\" class=\"wp-image-978 size-large\"\/><\/figure><\/div>\n\n\n\n<p><\/p>\n\n\n\n<p><\/p>\n\n\n\n<div class=\"wp-block-media-text alignwide has-media-on-the-right\" style=\"grid-template-columns:auto 33%\"><div class=\"wp-block-media-text__content\">\n<p class=\"has-medium-font-size\"><strong>Vize-Pr\u00e4sident<\/strong><br>Fabian Murer<\/p>\n\n\n\n<p class=\"has-medium-font-size\"><a href=\"mailto:vize-praesident@stvennetbuergen.ch\">vize-praesident@stvennetbuergen.ch<\/a><\/p>\n<\/div><figure class=\"wp-block-media-text__media\"><img data-recalc-dims=\"1\" loading=\"lazy\" decoding=\"async\" width=\"654\" height=\"850\" src=\"https:\/\/i0.wp.com\/stvennetbuergen.ch\/wp-content\/uploads\/2023\/12\/IMG_1231-2.jpg?resize=654%2C850&#038;ssl=1\" alt=\"\" class=\"wp-image-712 size-full\" srcset=\"https:\/\/i0.wp.com\/stvennetbuergen.ch\/wp-content\/uploads\/2023\/12\/IMG_1231-2-scaled.jpg?resize=788%2C1024&amp;ssl=1 788w, https:\/\/i0.wp.com\/stvennetbuergen.ch\/wp-content\/uploads\/2023\/12\/IMG_1231-2-scaled.jpg?resize=231%2C300&amp;ssl=1 231w, https:\/\/i0.wp.com\/stvennetbuergen.ch\/wp-content\/uploads\/2023\/12\/IMG_1231-2-scaled.jpg?resize=768%2C998&amp;ssl=1 768w, https:\/\/i0.wp.com\/stvennetbuergen.ch\/wp-content\/uploads\/2023\/12\/IMG_1231-2-scaled.jpg?resize=1182%2C1536&amp;ssl=1 1182w, https:\/\/i0.wp.com\/stvennetbuergen.ch\/wp-content\/uploads\/2023\/12\/IMG_1231-2-scaled.jpg?resize=1576%2C2048&amp;ssl=1 1576w, https:\/\/i0.wp.com\/stvennetbuergen.ch\/wp-content\/uploads\/2023\/12\/IMG_1231-2-scaled.jpg?resize=1%2C1&amp;ssl=1 1w, https:\/\/i0.wp.com\/stvennetbuergen.ch\/wp-content\/uploads\/2023\/12\/IMG_1231-2-scaled.jpg?w=1970&amp;ssl=1 1970w, https:\/\/i0.wp.com\/stvennetbuergen.ch\/wp-content\/uploads\/2023\/12\/IMG_1231-2-scaled.jpg?w=1308&amp;ssl=1 1308w\" sizes=\"auto, (max-width: 654px) 100vw, 654px\" \/><\/figure><\/div>\n\n\n\n<p><\/p>\n\n\n\n<p><\/p>\n\n\n\n<div class=\"wp-block-media-text alignwide has-media-on-the-right\" style=\"grid-template-columns:auto 33%\"><div class=\"wp-block-media-text__content\">\n<p class=\"has-medium-font-size\"><strong>Kassier<\/strong><br>Andrin Scherer<\/p>\n\n\n\n<p class=\"has-medium-font-size\"><a href=\"mailto:kassier@stvennetbuergen.ch\">kassier@stvennetbuergen.ch<\/a><\/p>\n<\/div><figure class=\"wp-block-media-text__media\"><img data-recalc-dims=\"1\" decoding=\"async\" src=\"https:\/\/i0.wp.com\/stvennetbuergen.ch\/wp-content\/uploads\/2026\/03\/IMG_7754-1.heic?w=654&#038;ssl=1\" alt=\"\" class=\"wp-image-979 size-full\"\/><\/figure><\/div>\n\n\n\n<p><\/p>\n\n\n\n<div class=\"wp-block-media-text alignwide has-media-on-the-right\" style=\"grid-template-columns:auto 33%\"><div class=\"wp-block-media-text__content\">\n<p class=\"has-medium-font-size\"><strong>Aktuar<\/strong><br>Lars Tostmann<\/p>\n\n\n\n<p class=\"has-medium-font-size\"><a href=\"mailto:aktuar@stvennetbuergen.ch\">aktuar@stvennetbuergen.ch<\/a><\/p>\n<\/div><figure class=\"wp-block-media-text__media\"><img data-recalc-dims=\"1\" decoding=\"async\" src=\"https:\/\/i0.wp.com\/stvennetbuergen.ch\/wp-content\/uploads\/2026\/03\/IMG_7759-1.heic?w=654&#038;ssl=1\" alt=\"\" class=\"wp-image-980 size-full\"\/><\/figure><\/div>\n\n\n\n<p><\/p>\n\n\n\n<p><\/p>\n\n\n\n<div class=\"wp-block-media-text alignwide has-media-on-the-right\" style=\"grid-template-columns:auto 34%\"><div class=\"wp-block-media-text__content\">\n<p class=\"has-medium-font-size\"><strong>Oberturner<\/strong><br>Remo Gabriel<\/p>\n\n\n\n<p class=\"has-medium-font-size\"><a href=\"mailto:oberturner@stvennetbuergen.ch\">oberturner@stvennetbuergen.ch<\/a><\/p>\n<\/div><figure class=\"wp-block-media-text__media\"><img data-recalc-dims=\"1\" decoding=\"async\" src=\"https:\/\/i0.wp.com\/stvennetbuergen.ch\/wp-content\/uploads\/2026\/03\/IMG_7748.heic?w=654&#038;ssl=1\" alt=\"\" class=\"wp-image-982 size-full\"\/><\/figure><\/div>\n\n\n\n<p><\/p>\n\n\n\n<div class=\"wp-block-media-text alignwide has-media-on-the-right\" style=\"grid-template-columns:auto 34%\"><div class=\"wp-block-media-text__content\">\n<p class=\"has-medium-font-size\"><strong>Vize-Oberturnerin<\/strong><br>Joy Niederberger<\/p>\n\n\n\n<p class=\"has-medium-font-size\"><a href=\"mailto:vize-oberturner@stvennetbuergen.ch\">vize-oberturner@stvennetbuergen.ch<\/a><\/p>\n<\/div><figure class=\"wp-block-media-text__media\"><img data-recalc-dims=\"1\" decoding=\"async\" src=\"https:\/\/i0.wp.com\/stvennetbuergen.ch\/wp-content\/uploads\/2026\/03\/IMG_7757.heic?w=654&#038;ssl=1\" alt=\"\" class=\"wp-image-983 size-full\"\/><\/figure><\/div>\n\n\n\n<p><\/p>\n\n\n\n<div class=\"wp-block-media-text alignwide has-media-on-the-right\" style=\"grid-template-columns:auto 34%\"><div class=\"wp-block-media-text__content\">\n<p class=\"has-medium-font-size\"><strong>Beisitzer<\/strong><br>Adi Truttmann<\/p>\n\n\n\n<p class=\"has-medium-font-size\"><a href=\"mailto:beisitzer@stvennetbuergen.ch\">beisitzer@stvennetbuergen.ch<\/a><\/p>\n<\/div><figure class=\"wp-block-media-text__media\"><img data-recalc-dims=\"1\" decoding=\"async\" src=\"https:\/\/i0.wp.com\/stvennetbuergen.ch\/wp-content\/uploads\/2026\/03\/IMG_7753.heic?w=654&#038;ssl=1\" alt=\"\" class=\"wp-image-981 size-full\"\/><\/figure><\/div>\n","protected":false},"excerpt":{"rendered":"<p>Pr\u00e4sidentClaudio H\u00fcbscher praesident@stvennetbuergen.ch Vize-Pr\u00e4sidentFabian Murer vize-praesident@stvennetbuergen.ch KassierAndrin Scherer kassier@stvennetbuergen.ch AktuarLars Tostmann aktuar@stvennetbuergen.ch OberturnerRemo Gabriel oberturner@stvennetbuergen.ch Vize-OberturnerinJoy Niederberger vize-oberturner@stvennetbuergen.ch BeisitzerAdi Truttmann beisitzer@stvennetbuergen.ch<\/p>\n","protected":false},"author":1,"featured_media":0,"parent":0,"menu_order":0,"comment_status":"closed","ping_status":"closed","template":"","meta":{"footnotes":""},"class_list":["post-45","page","type-page","status-publish","hentry"],"jetpack_sharing_enabled":true,"_links":{"self":[{"href":"https:\/\/stvennetbuergen.ch\/index.php?rest_route=\/wp\/v2\/pages\/45","targetHints":{"allow":["GET"]}}],"collection":[{"href":"https:\/\/stvennetbuergen.ch\/index.php?rest_route=\/wp\/v2\/pages"}],"about":[{"href":"https:\/\/stvennetbuergen.ch\/index.php?rest_route=\/wp\/v2\/types\/page"}],"author":[{"embeddable":true,"href":"https:\/\/stvennetbuergen.ch\/index.php?rest_route=\/wp\/v2\/users\/1"}],"replies":[{"embeddable":true,"href":"https:\/\/stvennetbuergen.ch\/index.php?rest_route=%2Fwp%2Fv2%2Fcomments&post=45"}],"version-history":[{"count":38,"href":"https:\/\/stvennetbuergen.ch\/index.php?rest_route=\/wp\/v2\/pages\/45\/revisions"}],"predecessor-version":[{"id":984,"href":"https:\/\/stvennetbuergen.ch\/index.php?rest_route=\/wp\/v2\/pages\/45\/revisions\/984"}],"wp:attachment":[{"href":"https:\/\/stvennetbuergen.ch\/index.php?rest_route=%2Fwp%2Fv2%2Fmedia&parent=45"}],"curies":[{"name":"wp","href":"https:\/\/api.w.org\/{rel}","templated":true}]}}