{"id":40,"date":"2019-05-27T07:57:12","date_gmt":"2019-05-27T07:57:12","guid":{"rendered":"https:\/\/stvennetbuergen.ch\/?page_id=40"},"modified":"2025-04-01T20:57:55","modified_gmt":"2025-04-01T18:57:55","slug":"nationalturnen","status":"publish","type":"page","link":"https:\/\/stvennetbuergen.ch\/?page_id=40","title":{"rendered":"Nationalturnen"},"content":{"rendered":"\n<p><strong>Leiter Team:<\/strong><br>Peter Barmettler<br><br>Werner Christen<br>Marco Lussi <br>Remo Odermatt<br>Manuel Wettstein<\/p>\n\n\n\n<p><strong>Trainingszeiten:<\/strong><br>April bis September&nbsp;<br>Freitag 18.30 &#8211; 20.00 Uhr in der MZA Ennetb\u00fcrgen<br>Schwerpunkte&nbsp;Steinheben, Weitsprung, Schwingen, Frei\u00fcbung <br><br>November bis M\u00e4rz <br>Freitag 18.30 &#8211; 20.00 Uhr in der MZA Ennetb\u00fcrgen<br>Schwerpunkte&nbsp;Hochweitsprung, Ringen, Steinstossen, Schnellauf <\/p>\n\n\n\n<p><strong>Kontakt:<\/strong><br><a href=\"mailto:nationalturnen@stvennetbuergen.ch\">nationalturnen@stvennetbuergen.ch<\/a><\/p>\n\n\n\n<figure class=\"wp-block-image\"><img data-recalc-dims=\"1\" loading=\"lazy\" decoding=\"async\" width=\"654\" height=\"648\" src=\"https:\/\/i0.wp.com\/stvennetbuergen.ch\/wp-content\/uploads\/2019\/05\/Nationalturnen.jpg?resize=654%2C648&#038;ssl=1\" alt=\"\" class=\"wp-image-96\" srcset=\"https:\/\/i0.wp.com\/stvennetbuergen.ch\/wp-content\/uploads\/2019\/05\/Nationalturnen.jpg?w=775&amp;ssl=1 775w, https:\/\/i0.wp.com\/stvennetbuergen.ch\/wp-content\/uploads\/2019\/05\/Nationalturnen.jpg?resize=150%2C150&amp;ssl=1 150w, https:\/\/i0.wp.com\/stvennetbuergen.ch\/wp-content\/uploads\/2019\/05\/Nationalturnen.jpg?resize=300%2C297&amp;ssl=1 300w, https:\/\/i0.wp.com\/stvennetbuergen.ch\/wp-content\/uploads\/2019\/05\/Nationalturnen.jpg?resize=768%2C761&amp;ssl=1 768w, https:\/\/i0.wp.com\/stvennetbuergen.ch\/wp-content\/uploads\/2019\/05\/Nationalturnen.jpg?resize=1%2C1&amp;ssl=1 1w\" sizes=\"auto, (max-width: 654px) 100vw, 654px\" \/><\/figure>\n\n\n<ul class=\"wp-block-latest-posts__list has-dates wp-block-latest-posts\"><\/ul>","protected":false},"excerpt":{"rendered":"<p>Leiter Team:Peter Barmettler Werner ChristenMarco Lussi Remo OdermattManuel Wettstein Trainingszeiten:April bis September&nbsp;Freitag 18.30 &#8211; 20.00 Uhr in der MZA Ennetb\u00fcrgenSchwerpunkte&nbsp;Steinheben, Weitsprung, Schwingen, Frei\u00fcbung November bis M\u00e4rz Freitag 18.30 &#8211; 20.00 [&hellip;]<\/p>\n","protected":false},"author":1,"featured_media":0,"parent":0,"menu_order":0,"comment_status":"closed","ping_status":"closed","template":"","meta":{"footnotes":""},"class_list":["post-40","page","type-page","status-publish","hentry"],"jetpack_sharing_enabled":true,"_links":{"self":[{"href":"https:\/\/stvennetbuergen.ch\/index.php?rest_route=\/wp\/v2\/pages\/40","targetHints":{"allow":["GET"]}}],"collection":[{"href":"https:\/\/stvennetbuergen.ch\/index.php?rest_route=\/wp\/v2\/pages"}],"about":[{"href":"https:\/\/stvennetbuergen.ch\/index.php?rest_route=\/wp\/v2\/types\/page"}],"author":[{"embeddable":true,"href":"https:\/\/stvennetbuergen.ch\/index.php?rest_route=\/wp\/v2\/users\/1"}],"replies":[{"embeddable":true,"href":"https:\/\/stvennetbuergen.ch\/index.php?rest_route=%2Fwp%2Fv2%2Fcomments&post=40"}],"version-history":[{"count":8,"href":"https:\/\/stvennetbuergen.ch\/index.php?rest_route=\/wp\/v2\/pages\/40\/revisions"}],"predecessor-version":[{"id":833,"href":"https:\/\/stvennetbuergen.ch\/index.php?rest_route=\/wp\/v2\/pages\/40\/revisions\/833"}],"wp:attachment":[{"href":"https:\/\/stvennetbuergen.ch\/index.php?rest_route=%2Fwp%2Fv2%2Fmedia&parent=40"}],"curies":[{"name":"wp","href":"https:\/\/api.w.org\/{rel}","templated":true}]}}